{"id":843,"date":"2016-09-16T22:26:07","date_gmt":"2016-09-16T21:26:07","guid":{"rendered":"http:\/\/www.rilke.ch\/?page_id=843"},"modified":"2021-10-04T15:45:53","modified_gmt":"2021-10-04T14:45:53","slug":"junge-rilke-forscher","status":"publish","type":"page","link":"https:\/\/www.rilke.ch\/?page_id=843","title":{"rendered":"Junge Rilke-Forschung"},"content":{"rendered":"<p>Die Rilke-Gesellschaft legt gro\u00dfen Wert auf den Austausch und die gegenseitige Bereicherung zwischen Mitgliedern aller Altersstufen. Um speziell den Nachwuchs in der Rilke-Gesellschaft vom Sch\u00fcler bis zur Juniorprofessorin zu f\u00f6rdern, hat sich der Kreis der &#8222;Jungen Rilke-Forscher&#8220; gebildet. Diese haben sich in den letzten Jahren ganz unterschiedlichen Herausforderungen gewidmet, wie z.B.:<\/p>\n<ul>\n<li>Die Organisation einer g\u00fcnstigen bis kostenfreien Unterkunft in Form einer gro\u00dfen gemeinsamen Wohnung, der &#8222;Rilke-WG&#8220;.<\/li>\n<li>Die gemeinsame Gestaltung einer interaktiven Karte, auf der Rilke-Orte in Paris verzeichnet sind. Das Produkt\u00a0findet sich hier:\u00a0http:\/\/www.rilke.ch\/?page_id=359<\/li>\n<\/ul>\n<p>Als Ansprechpartner f\u00fcr junge Rilke-Forschung ist im Vorstand der Rilke-Gesellschaft Dr. Ivo Theele vertreten. Sie erreichen ihn per Mail an &#8222;<a href=\"mailto:jungeforschung@rilke.ch\">jungeforschung@rilke.ch<\/a>&#8222;.<\/p>\n<p><strong>Panel der jungen Rilke-Forschung<br \/>\n<\/strong>Seit der Rilke-Tagung in Boston 2010 bespielen\u00a0die jungen Rilke-Forscher auch ein eigenes\u00a0<span style=\"line-height: 1.5;\">Vortragspanel auf den j\u00e4hrlichen Treffen. Im Gegensatz zum sonstigen Tagungsprogramm, in dem nat\u00fcrlich auch Nachwuchsforscher zu Worte kommen, wird das Nachwuchspanel nicht per Einladung durch die Programmplaner best\u00fcckt. Vielmehr erfolgt\u00a0im Fr\u00fchjahr\u00a0eine<\/span><span style=\"line-height: 1.5;\"> \u00f6ffentliche Ausschreibung (&#8222;call for papers&#8220;) an alle Nachwuchsforscher. Mit der thematischen Ausrichtung des\u00a0&#8222;call for papers&#8220;\u00a0k\u00f6nnen die Nachwuchsforscher innerhalb der Rilke-Gesellschaft\u00a0eigene Akzente zu Themen setzen, die sie von aktuellem Interesse sehen.<\/span><\/p>\n<p>Unter den eingereichten Expos\u00e9s\u00a0sucht dann eine aus Nachwuchswissenschaftlern gebildete Jury in einem blinden Auswahlverfahren die besten\u00a0aus. Diese werden auf die Tagung eingeladen und erhalten von der Gesellschaft einen pauschalen Reisekostenzuschuss. Die Vortr\u00e4ge von den letzten Tagungen sind in der Regel danach auch als Aufs\u00e4tze in die Bl\u00e4tter der Rilke-Gesellschaft aufgenommen worden.<\/p>\n<p>Die Themen der letzten Jahre waren:<\/p>\n<ul>\n<li>Aktuelle Dissertationsprojekte zur Rilke (2021, Triest)<\/li>\n<li>Aktuelle Dissertationsprojekte zur Rilke (2018, Bremen)<\/li>\n<li>Rilke und das Reisen (2016, Gdansk)<\/li>\n<li>Rilke-Rezeption intermedial (2015, London)<\/li>\n<li>Die Sonette an Orpheus (2013, Freiburg)<\/li>\n<li>Rilke und die Armut (2012, Bern)<\/li>\n<\/ul>\n<figure id=\"attachment_846\" aria-describedby=\"caption-attachment-846\" style=\"width: 604px\" class=\"wp-caption alignleft\"><img loading=\"lazy\" decoding=\"async\" class=\"size-large wp-image-846\" src=\"http:\/\/www.rilke.ch\/wordpress\/wp-content\/uploads\/P1090741-1024x768.jpg\" alt=\"Mit der  Rilke-Gesellschaft (les jeunes)\" width=\"604\" height=\"453\" srcset=\"https:\/\/www.rilke.ch\/wordpress\/wp-content\/uploads\/P1090741-1024x768.jpg 1024w, https:\/\/www.rilke.ch\/wordpress\/wp-content\/uploads\/P1090741-300x225.jpg 300w, https:\/\/www.rilke.ch\/wordpress\/wp-content\/uploads\/P1090741-768x576.jpg 768w\" sizes=\"auto, (max-width: 604px) 100vw, 604px\" \/><figcaption id=\"caption-attachment-846\" class=\"wp-caption-text\">Junge Mitglieder der Rilke-Gesellschaft (und deren Kinder) auf der Tagung in Boston, 2012.<\/figcaption><\/figure>\n","protected":false},"excerpt":{"rendered":"<p>Die Rilke-Gesellschaft legt gro\u00dfen Wert auf den Austausch und die gegenseitige Bereicherung zwischen Mitgliedern aller Altersstufen. Um speziell den Nachwuchs in der Rilke-Gesellschaft vom Sch\u00fcler bis zur Juniorprofessorin zu f\u00f6rdern, hat sich der Kreis der &#8222;Jungen Rilke-Forscher&#8220; gebildet. Diese haben sich in den letzten Jahren ganz unterschiedlichen Herausforderungen gewidmet, wie z.B.: Die Organisation einer g\u00fcnstigen &hellip; <a href=\"https:\/\/www.rilke.ch\/?page_id=843\" class=\"more-link\"><span class=\"screen-reader-text\">Junge Rilke-Forschung<\/span> weiterlesen <span class=\"meta-nav\">&rarr;<\/span><\/a><\/p>\n","protected":false},"author":1,"featured_media":0,"parent":0,"menu_order":0,"comment_status":"closed","ping_status":"closed","template":"","meta":{"footnotes":""},"class_list":["post-843","page","type-page","status-publish","hentry"],"_links":{"self":[{"href":"https:\/\/www.rilke.ch\/index.php?rest_route=\/wp\/v2\/pages\/843","targetHints":{"allow":["GET"]}}],"collection":[{"href":"https:\/\/www.rilke.ch\/index.php?rest_route=\/wp\/v2\/pages"}],"about":[{"href":"https:\/\/www.rilke.ch\/index.php?rest_route=\/wp\/v2\/types\/page"}],"author":[{"embeddable":true,"href":"https:\/\/www.rilke.ch\/index.php?rest_route=\/wp\/v2\/users\/1"}],"replies":[{"embeddable":true,"href":"https:\/\/www.rilke.ch\/index.php?rest_route=%2Fwp%2Fv2%2Fcomments&post=843"}],"version-history":[{"count":6,"href":"https:\/\/www.rilke.ch\/index.php?rest_route=\/wp\/v2\/pages\/843\/revisions"}],"predecessor-version":[{"id":1518,"href":"https:\/\/www.rilke.ch\/index.php?rest_route=\/wp\/v2\/pages\/843\/revisions\/1518"}],"wp:attachment":[{"href":"https:\/\/www.rilke.ch\/index.php?rest_route=%2Fwp%2Fv2%2Fmedia&parent=843"}],"curies":[{"name":"wp","href":"https:\/\/api.w.org\/{rel}","templated":true}]}}