{"id":692,"date":"2016-02-18T21:21:53","date_gmt":"2016-02-18T20:21:53","guid":{"rendered":"http:\/\/www.rilke.ch\/?page_id=692"},"modified":"2016-10-21T09:40:47","modified_gmt":"2016-10-21T08:40:47","slug":"links","status":"publish","type":"page","link":"https:\/\/www.rilke.ch\/?page_id=692","title":{"rendered":"Links"},"content":{"rendered":"<p><strong>Partnerschaftlich verbundene Einrichtungen\u00a0<\/strong><\/p>\n<ul>\n<li><a href=\"http:\/\/fondationrilke.ch\" target=\"_blank\">Fondation Rainer Maria Rilke, Sierre<br \/>\n<\/a>Die Fondation Rilke\u00a0bringt Rilkes Schaffen und Leben immer wieder auf vielf\u00e4ltigste Weise zur Geltung &#8211; durch eine st\u00e4ndige Ausstellung, Wechselausstellungen, Vortr\u00e4ge, Festivals, editorische Projekte und vieles mehr.<\/li>\n<\/ul>\n<ul>\n<li><a href=\"http:\/\/www.alg.de\" target=\"_blank\">Arbeitsgemeinschaft Literarischer Gemeinschaften und Gedenkst\u00e4tten\u00a0e.V. (ALG)<\/a><br \/>\nDie Rilke-Gesellschaft ist\u00a0Mitglied der ALG.<\/li>\n<\/ul>\n<ul>\n<li><a href=\"http:\/\/www.rmrilke.org\/\" target=\"_blank\">Association &#8222;Rainer Maria Rilke&#8220;, Paris<\/a><br \/>\nDer Rainer Maria Rilke Verein versteht sich als ein gemeinn\u00fctziger Kultur- und Sprachverein. Er f\u00f6rdert die\u00a0Kenntnis deutscher Sprache in Frankreich, pflegt die\u00a0franz\u00f6sisch-deutsche gesellschaftliche, kulturelle und literarische Zusammenarbeit, und unterst\u00fctzet gemeinn\u00fctzige wissenschaftliche Projekte zur Erforschung, Ver\u00f6ffentlichung und Verbreitung von Werken des deutschsprachigen Lyrikers Rainer Maria Rilke.<\/li>\n<\/ul>\n<p><strong>Internationale Websites zu Rilke<\/strong><\/p>\n<ul>\n<li><a href=\"http:\/\/www.rilke.pl\" target=\"_blank\">www.rilke.pl<\/a><br \/>\nEine aufwendige polnische Website von Dariusz Guzik.<\/li>\n<\/ul>\n","protected":false},"excerpt":{"rendered":"<p>Partnerschaftlich verbundene Einrichtungen\u00a0 Fondation Rainer Maria Rilke, Sierre Die Fondation Rilke\u00a0bringt Rilkes Schaffen und Leben immer wieder auf vielf\u00e4ltigste Weise zur Geltung &#8211; durch eine st\u00e4ndige Ausstellung, Wechselausstellungen, Vortr\u00e4ge, Festivals, editorische Projekte und vieles mehr. Arbeitsgemeinschaft Literarischer Gemeinschaften und Gedenkst\u00e4tten\u00a0e.V. (ALG) Die Rilke-Gesellschaft ist\u00a0Mitglied der ALG. Association &#8222;Rainer Maria Rilke&#8220;, Paris Der Rainer Maria Rilke &hellip; <a href=\"https:\/\/www.rilke.ch\/?page_id=692\" class=\"more-link\"><span class=\"screen-reader-text\">Links<\/span> weiterlesen <span class=\"meta-nav\">&rarr;<\/span><\/a><\/p>\n","protected":false},"author":1,"featured_media":0,"parent":11,"menu_order":0,"comment_status":"closed","ping_status":"closed","template":"","meta":{"footnotes":""},"class_list":["post-692","page","type-page","status-publish","hentry"],"_links":{"self":[{"href":"https:\/\/www.rilke.ch\/index.php?rest_route=\/wp\/v2\/pages\/692","targetHints":{"allow":["GET"]}}],"collection":[{"href":"https:\/\/www.rilke.ch\/index.php?rest_route=\/wp\/v2\/pages"}],"about":[{"href":"https:\/\/www.rilke.ch\/index.php?rest_route=\/wp\/v2\/types\/page"}],"author":[{"embeddable":true,"href":"https:\/\/www.rilke.ch\/index.php?rest_route=\/wp\/v2\/users\/1"}],"replies":[{"embeddable":true,"href":"https:\/\/www.rilke.ch\/index.php?rest_route=%2Fwp%2Fv2%2Fcomments&post=692"}],"version-history":[{"count":4,"href":"https:\/\/www.rilke.ch\/index.php?rest_route=\/wp\/v2\/pages\/692\/revisions"}],"predecessor-version":[{"id":863,"href":"https:\/\/www.rilke.ch\/index.php?rest_route=\/wp\/v2\/pages\/692\/revisions\/863"}],"up":[{"embeddable":true,"href":"https:\/\/www.rilke.ch\/index.php?rest_route=\/wp\/v2\/pages\/11"}],"wp:attachment":[{"href":"https:\/\/www.rilke.ch\/index.php?rest_route=%2Fwp%2Fv2%2Fmedia&parent=692"}],"curies":[{"name":"wp","href":"https:\/\/api.w.org\/{rel}","templated":true}]}}