{"id":42,"date":"2013-04-04T21:20:05","date_gmt":"2013-04-04T19:20:05","guid":{"rendered":"http:\/\/www.rilke.ch\/wordpress\/?page_id=42"},"modified":"2023-08-27T07:34:59","modified_gmt":"2023-08-27T06:34:59","slug":"brief-konkordanz","status":"publish","type":"page","link":"https:\/\/www.rilke.ch\/?page_id=42","title":{"rendered":"Brief-Konkordanz"},"content":{"rendered":"<p>Die Brief-Konkordanz wird regelm\u00e4\u00dfig aktualisiert und um die neuesten Briefe erg\u00e4nzt. Die aktuelle Version (2023) ist unter dem folgenden Link zum Download verf\u00fcgbar:<br \/>\n<a href=\"http:\/\/www.rilke.ch\/wordpress\/wp-content\/uploads\/Briefkonkordanz2023RG.xlsx\">Briefkonkordanz 2023 RG<\/a> (Excel).<\/p>\n<p>Diese Version enth\u00e4lt 1114 Briefe gegen\u00fcber der Vorg\u00e4ngerversion (2018)<em><strong> neu\u00a0aufgenommene Briefe von oder an Rilke<\/strong><\/em>. Die Zahl der erfassten Briefpartner stieg um 194 auf 1001, die Zahl der erfassten Quellen um 65 auf 619, die Zahl der erfassten Archive und Originalfundorte um 32 auf 136.\u00a0Alle \u00c4nderungen gegen\u00fcber der Fassung von 2018 sind in der neuen Fassung wieder\u00a0gelb\u00a0unterlegt und leicht nachvollziehbar.\u00a0<u><\/u><u><\/u>Eine Kladde &#8222;Nachtr\u00e4ge&#8220; informiert den spezieller Interessierten \u00fcber den zeitlichen Fortgang der Arbeit \u00fcber die Jahre seit 2018.\u00a0<u><\/u><u><\/u>Gelegentlich verwendete rote Schriftfarbe markiert Kl\u00e4rungsbedarfe an Stellen, an denen weitere Recherche n\u00f6tig ist. <u><\/u><u><\/u>In die Spalte &#8222;Link&#8220; sind ich inzwischen 1432 Hyperlinks zu den von Archiven oder Bibliotheken zur Verf\u00fcgung gestellten Faksimiles der Originalbriefe Rilkes aufgenommen.<\/p>\n<p>Die chronologische Konkordanz zu Rainer Maria Rilkes gedruckter Korrespondenz wurde bis 2006 zusammengestellt von Ferenc Sz\u00e1sz (Budapest), dann bis 2010 von R\u00e4tus Luck (Bern) aktualisiert und erweitert.<br \/>\nSie wird nun fortgef\u00fchrt von Peter Oberth\u00fcr.<\/p>\n<p><i>Erg\u00e4nzungen und \u00c4nderungsvorschl\u00e4ge bitte an Peter Oberth\u00fcr (<a>Rilkekonkordanz@freenet.de<\/a>)<\/i><\/p>\n<p>Freigegeben f\u00fcr den privaten Gebrauch &#8211;<br \/>\nkommerzielle Nutzung und Vervielf\u00e4ltigung nur mit Genehmigung der Rilke-Gesellschaft.<\/p>\n","protected":false},"excerpt":{"rendered":"<p>Die Brief-Konkordanz wird regelm\u00e4\u00dfig aktualisiert und um die neuesten Briefe erg\u00e4nzt. Die aktuelle Version (2023) ist unter dem folgenden Link zum Download verf\u00fcgbar: Briefkonkordanz 2023 RG (Excel). Diese Version enth\u00e4lt 1114 Briefe gegen\u00fcber der Vorg\u00e4ngerversion (2018) neu\u00a0aufgenommene Briefe von oder an Rilke. Die Zahl der erfassten Briefpartner stieg um 194 auf 1001, die Zahl der &hellip; <a href=\"https:\/\/www.rilke.ch\/?page_id=42\" class=\"more-link\"><span class=\"screen-reader-text\">Brief-Konkordanz<\/span> weiterlesen <span class=\"meta-nav\">&rarr;<\/span><\/a><\/p>\n","protected":false},"author":1,"featured_media":0,"parent":11,"menu_order":0,"comment_status":"closed","ping_status":"closed","template":"","meta":{"footnotes":""},"class_list":["post-42","page","type-page","status-publish","hentry"],"_links":{"self":[{"href":"https:\/\/www.rilke.ch\/index.php?rest_route=\/wp\/v2\/pages\/42","targetHints":{"allow":["GET"]}}],"collection":[{"href":"https:\/\/www.rilke.ch\/index.php?rest_route=\/wp\/v2\/pages"}],"about":[{"href":"https:\/\/www.rilke.ch\/index.php?rest_route=\/wp\/v2\/types\/page"}],"author":[{"embeddable":true,"href":"https:\/\/www.rilke.ch\/index.php?rest_route=\/wp\/v2\/users\/1"}],"replies":[{"embeddable":true,"href":"https:\/\/www.rilke.ch\/index.php?rest_route=%2Fwp%2Fv2%2Fcomments&post=42"}],"version-history":[{"count":24,"href":"https:\/\/www.rilke.ch\/index.php?rest_route=\/wp\/v2\/pages\/42\/revisions"}],"predecessor-version":[{"id":1734,"href":"https:\/\/www.rilke.ch\/index.php?rest_route=\/wp\/v2\/pages\/42\/revisions\/1734"}],"up":[{"embeddable":true,"href":"https:\/\/www.rilke.ch\/index.php?rest_route=\/wp\/v2\/pages\/11"}],"wp:attachment":[{"href":"https:\/\/www.rilke.ch\/index.php?rest_route=%2Fwp%2Fv2%2Fmedia&parent=42"}],"curies":[{"name":"wp","href":"https:\/\/api.w.org\/{rel}","templated":true}]}}