{"id":368,"date":"2014-01-21T23:48:26","date_gmt":"2014-01-21T22:48:26","guid":{"rendered":"http:\/\/www.rilke.ch\/?page_id=368"},"modified":"2014-01-21T23:49:20","modified_gmt":"2014-01-21T22:49:20","slug":"statuten-der-rilke-gesellschaft","status":"publish","type":"page","link":"https:\/\/www.rilke.ch\/?page_id=368","title":{"rendered":"Statuten der Rilke-Gesellschaft"},"content":{"rendered":"<p><strong>Art. 1<\/strong><br \/>\n<sup>1<\/sup> Unter dem Namen Rilke-Gesellschaft besteht ein Verein im Sinn von Art. 60 ff.\u00a0des Schweizerischen Zivilgesetzbuches. Die Gesellschaft hat ihren Sitz in Bern.<\/p>\n<p><strong>Art. 2<\/strong><br \/>\n<sup>1<\/sup>Zweck der Rilke-Gesellschaft ist Erforschung, Ver\u00f6ffentlichung und Verbreitung von Werken und Lebenszeugnissen des Dichters Rainer Maria Rilke. Sie verfolgt ausschlie\u00dflich und unmittelbar gemeinn\u00fctzige, vornehmlich kulturelle und wissen-schaftliche Zwecke.<\/p>\n<p><strong>Art. 3<\/strong><br \/>\n<sup>1<\/sup>Mitglieder der\u00a0Gesellschaft sind nat\u00fcrliche oder juristische Personen.<br \/>\n<sup>2<\/sup>Die K\u00fcndigung der Mitgliedschaft erfolgt zum Ende des Kalenderjahres durch Schreiben an das Sekretariat der Gesellschaft.<br \/>\n<sup>3<\/sup>Zahlungss\u00e4umige Mitglieder werden nach drei Jahren aus der Mitgliedschaft entlassen.<\/p>\n<p><strong>Art. 4<\/strong><br \/>\n<sup>1<\/sup>Organe der Gesellschaft sind: a) die Mitgliederversammlung; b) der Vorstand.<\/p>\n<p><strong>Art. 5<\/strong><br \/>\n<sup>1<\/sup>Die Mitgliederversammlung findet in der Regel alle zwei Jahre statt.<br \/>\n<sup>2<\/sup>Die Mitgliederversammlung w\u00e4hlt den Pr\u00e4sidenten, die Mitglieder des Vorstands und zwei Revisoren, setzt die H\u00f6he des Jahresbeitrags fest, nimmt die Jahresrechnung entgegen und entlastet auf Antrag der Revisoren den Vorstand. Sie ernennt auf Vorschlag des Vorstands Ehrenmitglieder und die Mitglieder des Wissenschaftlichen Beirates.<br \/>\n<sup>3<\/sup>Die Mitgliederversammlung wird durch Schreiben des Vorstands und unter Angabe der Tagesordnung mindestens 60 Tage vor dem Versammlungstermin einberufen.<br \/>\n<sup>4<\/sup>Mitglieder k\u00f6nnen dem gesch\u00e4ftsf\u00fchrenden Vorstand (Art. 6) Antr\u00e4ge zur Tagesordnung und Wahlvorschl\u00e4ge bis zu 20 Tage vor dem Versammlungs-termin unterbreiten.<\/p>\n<p><strong>Art. 6<\/strong><br \/>\n<sup>1<\/sup>Der Vorstand besteht aus dem Pr\u00e4sidenten, dem Vizepr\u00e4sidenten, dem Sekret\u00e4r, dem Qu\u00e4stor, dem Redaktor der &#8222;Bl\u00e4tter der Rilke-Gesellschaft&#8220; und bis zu vier weiteren Mitgliedern. Pr\u00e4sident, Vizepr\u00e4sident, Sekret\u00e4r und Qu\u00e4stor bilden den gesch\u00e4ftsf\u00fchrenden Vorstand.<br \/>\n<sup>2<\/sup>Der Vorstand wird f\u00fcr vier Jahre gew\u00e4hlt. Wiederwahl ist zul\u00e4ssig. Der Pr\u00e4sident und der \u00fcbrige Vorstand als Ganzes werden in je einem geheimen Wahlgang bestimmt; die Wahl des Pr\u00e4sidenten geht voraus.<br \/>\n<sup>3<\/sup>Der Vorstand ordnet seinen Mitgliedern die jeweiligen Aufgabenbereiche zu.<br \/>\n<sup>4<\/sup>Der Vorstand f\u00fchrt die Gesch\u00e4fte der Gesellschaft nach den Beschl\u00fcssen der<br \/>\nMitgliederversammlung; er bereitet die Tagungen der Gesellschaft vor; er gibt die<br \/>\n&#8222;Bl\u00e4tter der Rilke-Gesellschaft&#8220; heraus; er schl\u00e4gt der Mitgliederversammlung die<br \/>\nErnennung von Ehrenmitgliedern und von Mitgliedern des Wissenschaftlichen<br \/>\nBeirates vor.<br \/>\n<sup>5<\/sup>Der Vorstand entscheidet mit einfacher Stimmenmehrheit. Bei Stimmengleichheit<br \/>\ngibt die Stimme des Pr\u00e4sidenten den Ausschlag.<\/p>\n<p><strong>Art. 7<\/strong><br \/>\n<sup>1<\/sup>Die Mitgliederversammlung w\u00e4hlt zwei Revisoren, gleichfalls f\u00fcr die Dauer von<br \/>\nvier Jahren. Sie d\u00fcrfen nicht dem Vorstand angeh\u00f6ren. Wiederwahl ist zul\u00e4ssig.<br \/>\nSie sind f\u00fcr die Pr\u00fcfung der Jahresrechnung zust\u00e4ndig und erstatten der<br \/>\nMitgliederversammlung Bericht.<\/p>\n<p><strong>Art. 8<\/strong><br \/>\n<sup>1<\/sup>Der Wissenschaftliche Beirat unterst\u00fctzt die Arbeit des Vorstandes. Seine<br \/>\nMitglieder werden durch die Protokolle der Vorstandssitzungen \u00fcber die<br \/>\nlaufenden Gesch\u00e4fte unterrichtet und k\u00f6nnen auf Einladung an Sitzungen des<br \/>\nVorstandes teilnehmen.<\/p>\n<p><strong>Art. 9<\/strong><br \/>\n<sup>1<\/sup>Die Ausgaben der Gesellschaft werden aus den Beitr\u00e4gen der Mitglieder und<br \/>\naus freiwilligen Zuwendungen bestritten. F\u00fcr Verbindlichkeiten haftet nur das<br \/>\nVerm\u00f6gen der Gesellschaft.<\/p>\n<p>* * *<\/p>\n<p>Die vorliegenden Statuten wurden von der Mitgliederversammlung der Rilke-<br \/>\nGesellschaft am 24. September 2010 in Bad Rippoldsau beschlossen. Sie<br \/>\nersetzen die vorangegangenen Fassungen vom 2. September 2000 (Ascona),<br \/>\nvom 26. September 1996 (Marburg\/Lahn) und vom 22. September 1983 (Linz)<br \/>\nund treten sofort in Kraft.<\/p>\n","protected":false},"excerpt":{"rendered":"<p>Art. 1 1 Unter dem Namen Rilke-Gesellschaft besteht ein Verein im Sinn von Art. 60 ff.\u00a0des Schweizerischen Zivilgesetzbuches. Die Gesellschaft hat ihren Sitz in Bern. Art. 2 1Zweck der Rilke-Gesellschaft ist Erforschung, Ver\u00f6ffentlichung und Verbreitung von Werken und Lebenszeugnissen des Dichters Rainer Maria Rilke. Sie verfolgt ausschlie\u00dflich und unmittelbar gemeinn\u00fctzige, vornehmlich kulturelle und wissen-schaftliche Zwecke. &hellip; <a href=\"https:\/\/www.rilke.ch\/?page_id=368\" class=\"more-link\"><span class=\"screen-reader-text\">Statuten der Rilke-Gesellschaft<\/span> weiterlesen <span class=\"meta-nav\">&rarr;<\/span><\/a><\/p>\n","protected":false},"author":1,"featured_media":0,"parent":2,"menu_order":0,"comment_status":"closed","ping_status":"open","template":"","meta":{"footnotes":""},"class_list":["post-368","page","type-page","status-publish","hentry"],"_links":{"self":[{"href":"https:\/\/www.rilke.ch\/index.php?rest_route=\/wp\/v2\/pages\/368","targetHints":{"allow":["GET"]}}],"collection":[{"href":"https:\/\/www.rilke.ch\/index.php?rest_route=\/wp\/v2\/pages"}],"about":[{"href":"https:\/\/www.rilke.ch\/index.php?rest_route=\/wp\/v2\/types\/page"}],"author":[{"embeddable":true,"href":"https:\/\/www.rilke.ch\/index.php?rest_route=\/wp\/v2\/users\/1"}],"replies":[{"embeddable":true,"href":"https:\/\/www.rilke.ch\/index.php?rest_route=%2Fwp%2Fv2%2Fcomments&post=368"}],"version-history":[{"count":1,"href":"https:\/\/www.rilke.ch\/index.php?rest_route=\/wp\/v2\/pages\/368\/revisions"}],"predecessor-version":[{"id":370,"href":"https:\/\/www.rilke.ch\/index.php?rest_route=\/wp\/v2\/pages\/368\/revisions\/370"}],"up":[{"embeddable":true,"href":"https:\/\/www.rilke.ch\/index.php?rest_route=\/wp\/v2\/pages\/2"}],"wp:attachment":[{"href":"https:\/\/www.rilke.ch\/index.php?rest_route=%2Fwp%2Fv2%2Fmedia&parent=368"}],"curies":[{"name":"wp","href":"https:\/\/api.w.org\/{rel}","templated":true}]}}