{"id":359,"date":"2014-01-20T22:17:40","date_gmt":"2014-01-20T21:17:40","guid":{"rendered":"http:\/\/www.rilke.ch\/?page_id=359"},"modified":"2014-01-20T22:26:21","modified_gmt":"2014-01-20T21:26:21","slug":"rilke-karte-paris","status":"publish","type":"page","link":"https:\/\/www.rilke.ch\/?page_id=359","title":{"rendered":"Rilke-Karte Paris"},"content":{"rendered":"<p>Diese Karte markiert wichtige Rilke-Orte in Paris: Die blauen &#8222;R&#8220;s stehen f\u00fcr Orte, die in Rilkes Werk erw\u00e4hnt wurden. Die roten &#8222;R&#8220;s stehen f\u00fcr Orte aus dem Leben Rilkes und seines Umfelds. Klicken Sie auf ein R umd mehr zu erfahren!<\/p>\n<p><iframe loading=\"lazy\" width=\"425\" height=\"350\" frameborder=\"0\" scrolling=\"no\" marginheight=\"0\" marginwidth=\"0\" src=\"https:\/\/www.google.de\/maps\/ms?msa=0&amp;msid=201006655003351338533.00044796eb94a2ee9ddd2&amp;hl=de&amp;ie=UTF8&amp;ll=48.810613,1.985951&amp;spn=0.762824,0.983619&amp;t=m&amp;vpsrc=6&amp;output=embed\"><\/iframe><br \/><small><a href=\"https:\/\/www.google.de\/maps\/ms?msa=0&amp;msid=201006655003351338533.00044796eb94a2ee9ddd2&amp;hl=de&amp;ie=UTF8&amp;ll=48.810613,1.985951&amp;spn=0.762824,0.983619&amp;t=m&amp;vpsrc=6&amp;source=embed\" style=\"color:#0000FF;text-align:left\">Gr\u00f6\u00dfere Kartenansicht<\/a><\/small><\/p>\n<p>Vielen Dank f\u00fcr die Erstellung der Arbeit an die &#8222;Rilke-WG&#8220;!<\/p>\n","protected":false},"excerpt":{"rendered":"<p>Diese Karte markiert wichtige Rilke-Orte in Paris: Die blauen &#8222;R&#8220;s stehen f\u00fcr Orte, die in Rilkes Werk erw\u00e4hnt wurden. Die roten &#8222;R&#8220;s stehen f\u00fcr Orte aus dem Leben Rilkes und seines Umfelds. Klicken Sie auf ein R umd mehr zu erfahren! Gr\u00f6\u00dfere Kartenansicht Vielen Dank f\u00fcr die Erstellung der Arbeit an die &#8222;Rilke-WG&#8220;!<\/p>\n","protected":false},"author":1,"featured_media":0,"parent":11,"menu_order":0,"comment_status":"closed","ping_status":"open","template":"","meta":{"footnotes":""},"class_list":["post-359","page","type-page","status-publish","hentry"],"_links":{"self":[{"href":"https:\/\/www.rilke.ch\/index.php?rest_route=\/wp\/v2\/pages\/359","targetHints":{"allow":["GET"]}}],"collection":[{"href":"https:\/\/www.rilke.ch\/index.php?rest_route=\/wp\/v2\/pages"}],"about":[{"href":"https:\/\/www.rilke.ch\/index.php?rest_route=\/wp\/v2\/types\/page"}],"author":[{"embeddable":true,"href":"https:\/\/www.rilke.ch\/index.php?rest_route=\/wp\/v2\/users\/1"}],"replies":[{"embeddable":true,"href":"https:\/\/www.rilke.ch\/index.php?rest_route=%2Fwp%2Fv2%2Fcomments&post=359"}],"version-history":[{"count":4,"href":"https:\/\/www.rilke.ch\/index.php?rest_route=\/wp\/v2\/pages\/359\/revisions"}],"predecessor-version":[{"id":362,"href":"https:\/\/www.rilke.ch\/index.php?rest_route=\/wp\/v2\/pages\/359\/revisions\/362"}],"up":[{"embeddable":true,"href":"https:\/\/www.rilke.ch\/index.php?rest_route=\/wp\/v2\/pages\/11"}],"wp:attachment":[{"href":"https:\/\/www.rilke.ch\/index.php?rest_route=%2Fwp%2Fv2%2Fmedia&parent=359"}],"curies":[{"name":"wp","href":"https:\/\/api.w.org\/{rel}","templated":true}]}}