{"id":2,"date":"2013-03-24T10:22:36","date_gmt":"2013-03-24T09:22:36","guid":{"rendered":"http:\/\/www.rilke.ch\/wordpress\/?page_id=2"},"modified":"2025-11-25T22:16:20","modified_gmt":"2025-11-25T21:16:20","slug":"beispiel-seite","status":"publish","type":"page","link":"https:\/\/www.rilke.ch\/?page_id=2","title":{"rendered":"\u00dcber die Gesellschaft"},"content":{"rendered":"<p><strong>Zweck und Aktivit\u00e4ten<\/strong><\/p>\n<p>Die Rilke-Gesellschaft ist ein als gemeinn\u00fctzig anerkannter Verein. Sie wurde 1971 in Saas Fee gegr\u00fcndet. Derzeit z\u00e4hlt die Gesellschaft rund 225 Mitglieder in 22 L\u00e4ndern. Zweck der Rilke-Gesellschaft ist die F\u00f6rderung der Besch\u00e4ftigung mit Leben und Werk des Dichters Rainer Maria Rilke. Die wissenschaftliche Forschung und Diskussion der Kenner und Spezialisten haben in der Rilke-Gesellschaft ebenso ihren Platz wie die Anliegen der interessierten Liebhaber, der begeisterten Leserinnen und Leser.<br \/>\n<span style=\"line-height: 1.714285714; font-size: 1rem;\">Foren sind die Jahrestagungen und die &#8222;Bl\u00e4tter der Rilke-Gesellschaft&#8220;.\u00a0<\/span>Die Tagungen (derzeit alle zwei Jahre) finden in der Regel an einem Ort statt, der sich mit Rilke in eine bedeutsame Verbindung bringen l\u00e4sst. Das Programm umfasst Vortr\u00e4ge, Lesungen und Exkursionen.Im Jahr zwischen den Tagungen bietet die Rilke-Gesellschaft jeweils ein Treffen mit Seminar- oder Arbeitskreis-Charakter an.\u00a0Als zeitgem\u00e4\u00dfe, informelle Erg\u00e4nzung zu den Tagungen und Jahrb\u00fcchern beteiligt sich die Rilke-Gesellschaft seit Januar 2005 an einem <a href=\"http:\/\/www.rilke.de\/phpBB3\" target=\"_blank\" rel=\"noopener noreferrer\">Online-Forum<\/a> zu Leben und Werk Rainer Maria Rilkes.<\/p>\n<p>\u00dcber Struktur und Regularien der Rilke-Gesellschaft informieren die <a href=\"http:\/\/www.rilke.ch\/?page_id=368\" target=\"_blank\" rel=\"noopener noreferrer\">Statuten der Rilke-Gesellschaft<\/a>.<\/p>\n<p>Sitz der Gesellschaft ist Bern (Schweiz).<\/p>\n<p>Die Rilke-Gesellschaft ist Mitglied der <a href=\"http:\/\/www.alg.de\" target=\"new\" rel=\"noopener noreferrer\">Arbeitsgemeinschaft Literarischer Gesellschaften und Gedenkst\u00e4tten e. V. (ALG)<\/a> und unterh\u00e4lt enge Beziehungen zum Schweizerischen Literaturarchiv in Bern sowie zur Fondation Rilke bzw. zum Mus\u00e9e Rilke in Sierre.<\/p>\n<p><strong>Vorstand<br \/>\n<\/strong>Pr\u00e4sident der Rilke-Gesellschaft ist Prof. Dr. Torsten Hoffmann (Stuttgart).<br \/>\nDem Vorstand geh\u00f6ren an: Prof. Dr. Dr. h.c. Renate Breuninger (Ulm), Dr. Lucas Marco Gisi (Bern), Prof. Dr. Katrin Kohl (Oxford), Elvira Lauscher (Blaustein), Prof. Dr. Moira Paleari (Mailand, Vizepr\u00e4sidentin), Dr. Silke Pasewalck (Oldenburg), Fynn Carl Sch\u00e4ffler (Wien) und Dr. Ivo Theele (Flensburg).<\/p>\n<p><strong>Ehrenpr\u00e4sident<br \/>\n<\/strong>Prof. Dr. Dr. h.c. August Stahl<\/p>\n<p><strong>Ehrenmitglieder<br \/>\n<\/strong>Maren Abravanel, Dr. Konstantin M. Asadowski, Dr. Klaus E. Bohnenkamp, Curdin Ebneter, Dr. Vera Hauschild, Ingrid Metzger-Buddenberg, Dr. h.c. Birgit Rausing, Prof. Dr. Barbara Surowska-Sauerland, Prof. Dr. Dr. h.c. August Stahl, Dr. Erich Unglaub<\/p>\n<p><strong>Ehrenmitglieder der Rilke-Gesellschaft waren weiterhin<br \/>\n<\/strong>Ada Brodsky, Dr. Fritz und Ursula Ebner, Josepha und Klaus Beyer-Sieber Rilke, Prof. Dr. Ralph Freedman, Prof. Dr. Irina Frowen, Prof. Dr. Ulrich F\u00fclleborn, Philippe Jaccottet, Magda Ker\u00e9nyi, Dr. Karl Klutz, Dr. R\u00e4tus Luck, Prof. Dr. Horst Nalewski, Dr. Helmut Naumann, Oswalt von Nostitz, Elvira Perrier, Donald A. Prater, Dr. Renate Scharffenberg, Dr. Ingeborg Schnack, Christoph und Hella Sieber-Rilke, Prof. Dr. Jacob Steiner, Dr. Joachim W. Storck, Dr. Ferenc Sz\u00e1sz, Dr. Karin Wais<\/p>\n<p>&nbsp;<\/p>\n<p>&nbsp;<\/p>\n","protected":false},"excerpt":{"rendered":"<p>Zweck und Aktivit\u00e4ten Die Rilke-Gesellschaft ist ein als gemeinn\u00fctzig anerkannter Verein. Sie wurde 1971 in Saas Fee gegr\u00fcndet. Derzeit z\u00e4hlt die Gesellschaft rund 225 Mitglieder in 22 L\u00e4ndern. Zweck der Rilke-Gesellschaft ist die F\u00f6rderung der Besch\u00e4ftigung mit Leben und Werk des Dichters Rainer Maria Rilke. Die wissenschaftliche Forschung und Diskussion der Kenner und Spezialisten haben &hellip; <a href=\"https:\/\/www.rilke.ch\/?page_id=2\" class=\"more-link\"><span class=\"screen-reader-text\">\u00dcber die Gesellschaft<\/span> weiterlesen <span class=\"meta-nav\">&rarr;<\/span><\/a><\/p>\n","protected":false},"author":1,"featured_media":0,"parent":0,"menu_order":10,"comment_status":"closed","ping_status":"closed","template":"","meta":{"footnotes":""},"class_list":["post-2","page","type-page","status-publish","hentry"],"_links":{"self":[{"href":"https:\/\/www.rilke.ch\/index.php?rest_route=\/wp\/v2\/pages\/2","targetHints":{"allow":["GET"]}}],"collection":[{"href":"https:\/\/www.rilke.ch\/index.php?rest_route=\/wp\/v2\/pages"}],"about":[{"href":"https:\/\/www.rilke.ch\/index.php?rest_route=\/wp\/v2\/types\/page"}],"author":[{"embeddable":true,"href":"https:\/\/www.rilke.ch\/index.php?rest_route=\/wp\/v2\/users\/1"}],"replies":[{"embeddable":true,"href":"https:\/\/www.rilke.ch\/index.php?rest_route=%2Fwp%2Fv2%2Fcomments&post=2"}],"version-history":[{"count":44,"href":"https:\/\/www.rilke.ch\/index.php?rest_route=\/wp\/v2\/pages\/2\/revisions"}],"predecessor-version":[{"id":1911,"href":"https:\/\/www.rilke.ch\/index.php?rest_route=\/wp\/v2\/pages\/2\/revisions\/1911"}],"wp:attachment":[{"href":"https:\/\/www.rilke.ch\/index.php?rest_route=%2Fwp%2Fv2%2Fmedia&parent=2"}],"curies":[{"name":"wp","href":"https:\/\/api.w.org\/{rel}","templated":true}]}}