{"id":1943,"date":"2025-12-07T12:57:28","date_gmt":"2025-12-07T11:57:28","guid":{"rendered":"https:\/\/www.rilke.ch\/?page_id=1943"},"modified":"2025-12-07T13:07:36","modified_gmt":"2025-12-07T12:07:36","slug":"rilke-weltkarte","status":"publish","type":"page","link":"https:\/\/www.rilke.ch\/?page_id=1943","title":{"rendered":"Rilke-Weltkarte"},"content":{"rendered":"\n<p>Rilkes Welt ist un\u00fcbersichtlich: Kaum ein anderer Schriftsteller ist um 1900 so viel gereist und hat an so vielen unterschiedlichen Orten gelebt wie Rilke. Die Rilke-Weltkarte verzeichnet die meisten von Rilkes Aufenthaltsorten sowie einige in seinen Werken genannte Orte.<\/p>\n\n\n\n<p>Zur Orientierung auf der Karte: Rote Markierungen stehen f\u00fcr Orte aus Rilkes Leben, die sich genau ermitteln lie\u00dfen. Violette Markierungen bekamen Orte, die nicht genau zugeordnet werden konnten, aber auch ungenauere Orte wie z.B. Parks. Violettfarbene Markierungen mit einem Stadtnamen haben St\u00e4dte bekommen, wenn ein spezifischer Ort in dieser Stadt nicht genau ermittelt werden konnte. Orange Markierungen bekamen sog. \u201eSammelorte\u201c. Das sind alle St\u00e4dte, die mehr als f\u00fcnf ungenaue Eintr\u00e4ge unter der eigenen Stadtmarkierung (violett) vermerkt hatten. Blaue Markierungen bekamen Orte, die in Rilkes Werk erw\u00e4hnt werden.<\/p>\n\n\n\n<p>Wenn Sie mehr \u00fcber einen Ort erfahren m\u00f6chten, klicken Sie auf das jeweilige \u201eR\u201c, um eine kurze Beschreibung mit Quellenangabe zu erhalten.<\/p>\n\n\n\n<p>Die Karte ist als grober \u00dcberblick gedacht, Orte k\u00f6nnten daher ungenau eingetragen sein; es wurde sich jedoch um Genauigkeit bem\u00fcht. Zudem befindet sich die Karte momentan noch im Aufbau, es kann daher zu Ver\u00e4nderungen kommen.<\/p>\n\n\n\n<iframe loading=\"lazy\" src=\"https:\/\/www.google.com\/maps\/d\/embed?mid=1ETGaS0dfn80i5C1szIb32mAeDE5WAtc&#038;ehbc=2E312F&#038;noprof=1\" width=\"640\" height=\"480\"><\/iframe>\n\n\n\n<p><\/p>\n\n\n\n<p>Vielen Dank f\u00fcr die Erstellung an Fynn Carl Sch\u00e4ffler!<\/p>\n","protected":false},"excerpt":{"rendered":"<p>Rilkes Welt ist un\u00fcbersichtlich: Kaum ein anderer Schriftsteller ist um 1900 so viel gereist und hat an so vielen unterschiedlichen Orten gelebt wie Rilke. Die Rilke-Weltkarte verzeichnet die meisten von Rilkes Aufenthaltsorten sowie einige in seinen Werken genannte Orte. Zur Orientierung auf der Karte: Rote Markierungen stehen f\u00fcr Orte aus Rilkes Leben, die sich genau &hellip; <a href=\"https:\/\/www.rilke.ch\/?page_id=1943\" class=\"more-link\"><span class=\"screen-reader-text\">Rilke-Weltkarte<\/span> weiterlesen <span class=\"meta-nav\">&rarr;<\/span><\/a><\/p>\n","protected":false},"author":1,"featured_media":0,"parent":0,"menu_order":0,"comment_status":"closed","ping_status":"closed","template":"","meta":{"footnotes":""},"class_list":["post-1943","page","type-page","status-publish","hentry"],"_links":{"self":[{"href":"https:\/\/www.rilke.ch\/index.php?rest_route=\/wp\/v2\/pages\/1943","targetHints":{"allow":["GET"]}}],"collection":[{"href":"https:\/\/www.rilke.ch\/index.php?rest_route=\/wp\/v2\/pages"}],"about":[{"href":"https:\/\/www.rilke.ch\/index.php?rest_route=\/wp\/v2\/types\/page"}],"author":[{"embeddable":true,"href":"https:\/\/www.rilke.ch\/index.php?rest_route=\/wp\/v2\/users\/1"}],"replies":[{"embeddable":true,"href":"https:\/\/www.rilke.ch\/index.php?rest_route=%2Fwp%2Fv2%2Fcomments&post=1943"}],"version-history":[{"count":3,"href":"https:\/\/www.rilke.ch\/index.php?rest_route=\/wp\/v2\/pages\/1943\/revisions"}],"predecessor-version":[{"id":1961,"href":"https:\/\/www.rilke.ch\/index.php?rest_route=\/wp\/v2\/pages\/1943\/revisions\/1961"}],"wp:attachment":[{"href":"https:\/\/www.rilke.ch\/index.php?rest_route=%2Fwp%2Fv2%2Fmedia&parent=1943"}],"curies":[{"name":"wp","href":"https:\/\/api.w.org\/{rel}","templated":true}]}}