{"id":1760,"date":"2024-02-15T20:03:27","date_gmt":"2024-02-15T19:03:27","guid":{"rendered":"https:\/\/www.rilke.ch\/?page_id=1760"},"modified":"2025-08-02T11:54:14","modified_gmt":"2025-08-02T10:54:14","slug":"rilke-treffen-2025","status":"publish","type":"page","link":"https:\/\/www.rilke.ch\/?page_id=1760","title":{"rendered":"Rilke-Tagung 2025"},"content":{"rendered":"\n<p><strong>Von Prag nach Europa. Tagung zu Rainer Maria Rilkes 150. Geburtstag<br>Prag, 17.-20. September 2025<\/strong><\/p>\n\n\n\n<p>Im Jahr von Rainer Maria Rilkes 150. Geburtstag richten wir in seiner Geburtsstadt Prag mit unserer 41. Tagung den Fokus auf die europ\u00e4ische Dimension von Rilkes Leben und Werk. Denn kaum ein anderer Dichter des fr\u00fchen 20. Jahrhunderts war in einem so facettenreichen Sinn ein dezidierter Europ\u00e4er. Die Tagung \u2013 deren Vortragende in acht europ\u00e4ischen L\u00e4ndern leben \u2013 schl\u00e4gt einen Bogen von Prag nach Europa, indem sie der europ\u00e4ischen Dimension von Rilkes Leben und Schreiben nachgeht, und zwar von seinem Fr\u00fchwerk an, das trotz seiner zahlreichen Prag-Referenzen bereits den Blick in Richtung anderer Kulturen \u00f6ffnet. Neben Vortr\u00e4gen zu einzelnen Werken werden wir die Kontinuit\u00e4ten, Wandlungen und Br\u00fcche der europ\u00e4ischen Dimension in Rilkes Oeuvre und Biographie ausloten.<\/p>\n\n\n\n<p>Er\u00f6ffnet wird die Tagung in der Deutschen Botschaft mit einem Festvortrag des norwegischen Schriftstellers Karl Ove Knausg\u00e5rd. In den folgenden Tagen stehen neben wissenschaftlichen Vortr\u00e4gen (inkl. einem Panel zur Jungen Rilke-Forschung) zwei Podiumsgespr\u00e4che zu Rilke-\u00dcbersetzungen sowie neuen Rilke-Biographien auf dem Programm, des Weiteren werden die Lyriker Norbert Hummelt und Jan Wagner eine von ihnen angeregte Geburtstags-Anthologie mit aktuellen Rilke-\u00dcbertragungen ins Deutsche vorstellen. Und nat\u00fcrlich \u00f6ffnet in Prag auch das Rilke-Foyer wieder seine T\u00fcren.<\/p>\n\n\n\n<p>Das <strong>Tagungsprogramm<\/strong> finden Sie <a href=\"https:\/\/www.rilke.ch\/wordpress\/wp-content\/uploads\/Rilke-Tagung-Prag-2025_Programm_Stand_Maerz-2025.pdf\">hier<\/a>.<\/p>\n\n\n\n<p>Folgende <strong>Tagungsgeb\u00fchren<\/strong> sind zu entrichten:<\/p>\n\n\n\n<ul class=\"wp-block-list\">\n<li>Mitglieder: 80 \u20ac\/CHF (Doppelmitglieder 120 \u20ac\/CHF)<\/li>\n\n\n\n<li>Nichtmitglieder: 100 \u20ac\/CHF (Paare 140 \u20ac\/CHF)<\/li>\n\n\n\n<li>Studierende &amp; befristet Besch\u00e4ftigte: 30 \u20ac\/CHF &nbsp;<\/li>\n<\/ul>\n\n\n\n<p>Erm\u00e4\u00dfigungen f\u00fcr Mitglieder gelten nur, wenn der Mitgliedsbeitrag f\u00fcr das Jahr 2025 \u00fcberwiesen wurde.<\/p>\n\n\n\n<p>Das <strong>Tagungsdinner am 20.9.2025<\/strong> umfasst drei G\u00e4nge inkl. Wasser und kostet 30 \u20ac. Sie k\u00f6nnen zwischen einer Variante mit Fleisch sowie vegetarischem und veganem Essen w\u00e4hlen. Falls Sie am Dinner teilnehmen m\u00f6chten, addieren Sie bei der \u00dcberweisung bitte die 30 \u20ac\/CHF zum Tagungsbeitrag.<\/p>\n\n\n\n<p>Die Frist zur&nbsp;<strong>Anmeldung<\/strong>&nbsp;ist abgelaufen, alle Pl\u00e4tze sind vergeben. Eine Nachmeldung ist leider nicht m\u00f6glich.<\/p>\n\n\n\n<p>Nach Ihrer Anmeldung erhalten Sie automatisch eine Best\u00e4tigung an die Mail-Adresse, die Sie eingegeben haben. Bitte schauen Sie auch in Ihren Spam-Ordner. Falls Sie keine R\u00fcckmeldung bekommen, fragen Sie bitte bei Alfred Hagemann (<a href=\"mailto:sekretariat@rilke.cha\">sekretariat@rilke.ch<\/a>) nach, ob die Anmeldung erfolgreich war. Auch bei anderen Fragen zur Anmeldung und zum Tagungsbeitrag wenden Sie sich bitte an Herrn Hagemann<\/p>\n\n\n\n<p><strong>Da die Zahl der Teilnehmenden auf 100 begrenzt<\/strong> ist, empfehlen wir Ihnen eine rechtzeitige Anmeldung. Die <strong>Anmeldung ist ausschlie\u00dflich online \u00fcber das Formular auf dieser Webseite m\u00f6glich und bis zum 31.7. freigeschaltet. <\/strong>Sie gilt, sobald Sie die Tagungsgeb\u00fchr sowie \u2013 falls Sie Mitglied der Rilke-Gesellschaft sind \u2013 den Jahresbeitrag f\u00fcr 2025 \u00fcberwiesen haben. Bei einer <strong>Stornierung bis zum 1.9.2025<\/strong> k\u00f6nnen wir Ihnen 50% der Geb\u00fchr zur\u00fcckerstatten, danach leider nicht mehr.<\/p>\n\n\n\n<p>Eine interaktive Karte, auf der unsere <strong>Veranstaltungsorte<\/strong> sowie einige <strong>Hotelvorschl\u00e4ge<\/strong> verzeichnet sind, finden Sie <a href=\"https:\/\/www.google.com\/maps\/d\/edit?mid=1v864qNJEKRVyKkbWdu3mZAtjbnzvQCk&amp;usp=sharing\">hier<\/a>.<\/p>\n\n\n\n<p>Wir freuen uns sehr auf die Tage und den Austausch mit Ihnen!<\/p>\n","protected":false},"excerpt":{"rendered":"<p>Von Prag nach Europa. Tagung zu Rainer Maria Rilkes 150. GeburtstagPrag, 17.-20. September 2025 Im Jahr von Rainer Maria Rilkes 150. Geburtstag richten wir in seiner Geburtsstadt Prag mit unserer 41. Tagung den Fokus auf die europ\u00e4ische Dimension von Rilkes Leben und Werk. Denn kaum ein anderer Dichter des fr\u00fchen 20. Jahrhunderts war in einem &hellip; <a href=\"https:\/\/www.rilke.ch\/?page_id=1760\" class=\"more-link\"><span class=\"screen-reader-text\">Rilke-Tagung 2025<\/span> weiterlesen <span class=\"meta-nav\">&rarr;<\/span><\/a><\/p>\n","protected":false},"author":1,"featured_media":0,"parent":1754,"menu_order":0,"comment_status":"closed","ping_status":"closed","template":"","meta":{"footnotes":""},"class_list":["post-1760","page","type-page","status-publish","hentry"],"_links":{"self":[{"href":"https:\/\/www.rilke.ch\/index.php?rest_route=\/wp\/v2\/pages\/1760","targetHints":{"allow":["GET"]}}],"collection":[{"href":"https:\/\/www.rilke.ch\/index.php?rest_route=\/wp\/v2\/pages"}],"about":[{"href":"https:\/\/www.rilke.ch\/index.php?rest_route=\/wp\/v2\/types\/page"}],"author":[{"embeddable":true,"href":"https:\/\/www.rilke.ch\/index.php?rest_route=\/wp\/v2\/users\/1"}],"replies":[{"embeddable":true,"href":"https:\/\/www.rilke.ch\/index.php?rest_route=%2Fwp%2Fv2%2Fcomments&post=1760"}],"version-history":[{"count":8,"href":"https:\/\/www.rilke.ch\/index.php?rest_route=\/wp\/v2\/pages\/1760\/revisions"}],"predecessor-version":[{"id":1893,"href":"https:\/\/www.rilke.ch\/index.php?rest_route=\/wp\/v2\/pages\/1760\/revisions\/1893"}],"up":[{"embeddable":true,"href":"https:\/\/www.rilke.ch\/index.php?rest_route=\/wp\/v2\/pages\/1754"}],"wp:attachment":[{"href":"https:\/\/www.rilke.ch\/index.php?rest_route=%2Fwp%2Fv2%2Fmedia&parent=1760"}],"curies":[{"name":"wp","href":"https:\/\/api.w.org\/{rel}","templated":true}]}}