{"id":1757,"date":"2024-02-15T19:46:53","date_gmt":"2024-02-15T18:46:53","guid":{"rendered":"https:\/\/www.rilke.ch\/?page_id=1757"},"modified":"2024-07-14T13:42:28","modified_gmt":"2024-07-14T12:42:28","slug":"rilke-treffen-2024","status":"publish","type":"page","link":"https:\/\/www.rilke.ch\/?page_id=1757","title":{"rendered":"<h2> Rilke-Treffen 2024 <\/h2>"},"content":{"rendered":"\n<p>Die Rilke-Tagung 2023 in Sierre war der Fertigstellung der <em>Duineser Elegien<\/em> Anfang 1922 gewidmet. Mit dem Treffen 2024 schlie\u00dfen wir chronologisch und thematisch unmittelbar daran an. Denn wir werden uns mit <strong>Rilkes sp\u00e4tester deutschsprachiger Lyrik<\/strong> besch\u00e4ftigen, also mit Gedichten, die \u2013 nach den <em>Elegien<\/em> \u2013 zwischen 1922 und Rilkes Tod 1926 entstanden sind. Das Treffen findet <strong>vom 27. bis 29. September 2024 im Ev. Bildungszentrum Hermannsburg<\/strong> (zwischen Hamburg und Hannover) statt.<\/p>\n\n\n\n<p>Das <strong>Tagungsprogramm<\/strong> finden Sie <a href=\"https:\/\/www.rilke.ch\/wordpress\/wp-content\/uploads\/Rilke-Treffen-2024_Programm_Stand-April-2024.pdf\" data-type=\"link\" data-id=\"https:\/\/www.rilke.ch\/wordpress\/wp-content\/uploads\/Rilke-Treffen-2024_Programm_Stand-April-2024.pdf\">hier<\/a>.<\/p>\n\n\n\n<p>Zur <strong>Anmeldung<\/strong> geht es <a href=\"https:\/\/docs.google.com\/forms\/d\/e\/1FAIpQLSdXF9uWr_P2GhjS8SIq50As1Oe7eexkpqlWR4XCbv011Uf8Sw\/viewform?usp=sf_link\" data-type=\"link\" data-id=\"https:\/\/docs.google.com\/forms\/d\/e\/1FAIpQLSdXF9uWr_P2GhjS8SIq50As1Oe7eexkpqlWR4XCbv011Uf8Sw\/viewform?usp=sf_link\">hier.<\/a> <\/p>\n\n\n\n<p>(Nach Ihrer Anmeldung erhalten Sie sofort und automatisch eine Best\u00e4tigung an die Mail-Adresse, dies Sie eingegeben haben. Bitte \u00fcberpr\u00fcfen Sie vorsichtshalber auch noch Ihren Spam-Ordner. Falls es bei der Anmeldung Probleme geben sollte (z.B. die Best\u00e4tigung fehlt), melden Sie sich bitte beim Sekretariat der Rilke-Gesellschaft&nbsp;<a href=\"mailto:sekretariat@rilke.ch\">sekretariat@rilke.ch<\/a>.)<\/p>\n\n\n\n<p><strong>Da die Zahl der Teilnehmenden auf 70 begrenzt<\/strong> ist, empfehlen wir Ihnen eine rechtzeitige Anmeldung. Die <strong>Anmeldung ist bis zum 31.7. freigeschaltet<\/strong> und gilt, sobald Sie die Tagungsgeb\u00fchr sowie \u2013 falls Sie Mitglied der Rilke-Gesellschaft sind \u2013 den Jahresbeitrag f\u00fcr 2024 \u00fcberwiesen haben. Die Kontoverbindungen finden Sie auf der Website. Bei einer <strong>Stornierung vor dem 7.9.2024<\/strong> k\u00f6nnen wir Ihnen 50% der Geb\u00fchr zur\u00fcckerstatten, danach leider nicht mehr. Bei Fragen zur Anmeldung und zum Tagungsbeitrag wenden Sie sich bitte an Alfred Hagemann (<a href=\"mailto:sekretariat@rilke.ch\">sekretariat@rilke.ch<\/a>), bei Fragen zur Unterbringung an Tina Simon (<a href=\"mailto:privat@tinasimon.de\">privat@tinasimon.de<\/a>).<\/p>\n\n\n\n<p>Die <strong>Kosten f\u00fcr \u00dcbernachtung und Vollpension betragen pro Person<\/strong><\/p>\n\n\n\n<ul class=\"wp-block-list\">\n<li>im Einzelzimmer (mit Du\/WC): 205 \u20ac<\/li>\n\n\n\n<li>im Einzelzimmer (ohne DU\/WC, mit Gemeinschaftsbad auf dem Gang): 173 \u20ac<\/li>\n\n\n\n<li>im Doppelzimmer (mit DU\/WC): 173 \u20ac<\/li>\n<\/ul>\n\n\n\n<p>Es stehen zehn kosteng\u00fcnstigere Einzelzimmer ohne eigene Dusche und WC zur Verf\u00fcgung, die nach Reihenfolge der Anmeldung vergeben werden.<\/p>\n\n\n\n<p><strong>Dazu <\/strong>kommen die folgenden <strong>Tagungsgeb\u00fchren<\/strong>:<\/p>\n\n\n\n<ul class=\"wp-block-list\">\n<li>f\u00fcr Mitglieder: 70 \u20ac (Doppelmitglieder 110 \u20ac)<\/li>\n\n\n\n<li>f\u00fcr Nichtmitglieder:&nbsp; 90 \u20ac (Paare 130 \u20ac)<\/li>\n\n\n\n<li>f\u00fcr Studierende\/Promovierende\/befristet Besch\u00e4ftigte\/Erwerbslose etc.: 20 \u20ac<\/li>\n<\/ul>\n\n\n\n<p><strong>Zur Anreise:<\/strong> Mit der <strong>Bahn<\/strong> erreichen Sie die Tagungsst\u00e4tte \u00fcber den Bahnhof Unterl\u00fc\u00df, wo Sie in einen Bus umsteigen (Linie 260 oder B\u00fcrgerbus Hermannsburg, zu den Haltestellen Hermannsburg S\u00e4genf\u00f6rth, Auteriver Platz oder Hermannsburg Ortsmitte-Rathaus); von den Bushaltestellen ist ein kurzer Fu\u00dfweg zur\u00fcckzulegen. Die <strong>Registrierung zur Tagung ist am 27.9. ab 17.00 Uhr<\/strong> m\u00f6glich, das Abendessen beginnt um 18 Uhr, das Programm um 19 Uhr. Am Sonntag, 29.9., gibt es um 12.50 Uhr einen <strong>kostenlosen Bustransfer zur\u00fcck zum Bahnhof Unterl\u00fc\u00df <\/strong>(Ankunft ca. 13.20 Uhr). Falls Sie mit dem <strong>Auto<\/strong> anreisen, k\u00f6nnen Sie die kostenlosen Parkpl\u00e4tze nutzen.<\/p>\n\n\n\n<p>Informationen zum <strong>Tagungsort<\/strong> finden Sie hier: <a href=\"https:\/\/www.bildung-voller-leben.de\/\">https:\/\/www.bildung-voller-leben.de\/<\/a><\/p>\n","protected":false},"excerpt":{"rendered":"<p>Die Rilke-Tagung 2023 in Sierre war der Fertigstellung der Duineser Elegien Anfang 1922 gewidmet. Mit dem Treffen 2024 schlie\u00dfen wir chronologisch und thematisch unmittelbar daran an. Denn wir werden uns mit Rilkes sp\u00e4tester deutschsprachiger Lyrik besch\u00e4ftigen, also mit Gedichten, die \u2013 nach den Elegien \u2013 zwischen 1922 und Rilkes Tod 1926 entstanden sind. Das Treffen &hellip; <a href=\"https:\/\/www.rilke.ch\/?page_id=1757\" class=\"more-link\"><span class=\"screen-reader-text\"><\/p>\n<h2> Rilke-Treffen 2024 <\/h2>\n<p><\/span> weiterlesen <span class=\"meta-nav\">&rarr;<\/span><\/a><\/p>\n","protected":false},"author":1,"featured_media":0,"parent":1754,"menu_order":0,"comment_status":"closed","ping_status":"closed","template":"","meta":{"footnotes":""},"class_list":["post-1757","page","type-page","status-publish","hentry"],"_links":{"self":[{"href":"https:\/\/www.rilke.ch\/index.php?rest_route=\/wp\/v2\/pages\/1757","targetHints":{"allow":["GET"]}}],"collection":[{"href":"https:\/\/www.rilke.ch\/index.php?rest_route=\/wp\/v2\/pages"}],"about":[{"href":"https:\/\/www.rilke.ch\/index.php?rest_route=\/wp\/v2\/types\/page"}],"author":[{"embeddable":true,"href":"https:\/\/www.rilke.ch\/index.php?rest_route=\/wp\/v2\/users\/1"}],"replies":[{"embeddable":true,"href":"https:\/\/www.rilke.ch\/index.php?rest_route=%2Fwp%2Fv2%2Fcomments&post=1757"}],"version-history":[{"count":7,"href":"https:\/\/www.rilke.ch\/index.php?rest_route=\/wp\/v2\/pages\/1757\/revisions"}],"predecessor-version":[{"id":1926,"href":"https:\/\/www.rilke.ch\/index.php?rest_route=\/wp\/v2\/pages\/1757\/revisions\/1926"}],"up":[{"embeddable":true,"href":"https:\/\/www.rilke.ch\/index.php?rest_route=\/wp\/v2\/pages\/1754"}],"wp:attachment":[{"href":"https:\/\/www.rilke.ch\/index.php?rest_route=%2Fwp%2Fv2%2Fmedia&parent=1757"}],"curies":[{"name":"wp","href":"https:\/\/api.w.org\/{rel}","templated":true}]}}