{"id":1754,"date":"2024-02-15T19:46:02","date_gmt":"2024-02-15T18:46:02","guid":{"rendered":"https:\/\/www.rilke.ch\/?page_id=1754"},"modified":"2025-12-20T16:08:36","modified_gmt":"2025-12-20T15:08:36","slug":"rilke-tagungen","status":"publish","type":"page","link":"https:\/\/www.rilke.ch\/?page_id=1754","title":{"rendered":"Rilke-Tagungen"},"content":{"rendered":"\n<p>Seit ihrer Gr\u00fcndung 1971 veranstaltet die Rilke-Gesellschaft j\u00e4hrliche Tagungen f\u00fcr<br>Mitglieder und G\u00e4ste; seit 1999 finden die gr\u00f6\u00dferen Tagungen zweij\u00e4hrlich statt, im Zwischenjahr ein k\u00fcrzeres \u201aRilke-Treffen\u2018, in das auch Workshops integriert sind. <br><br>Bei den Tagungen werden Orte aufgesucht, zu denen auch Rilke Beziehungen hatte bzw. die f\u00fcr sein Schaffen wichtig waren. 2025 waren wir &#8211; in dem Jahr, in dem sich sein Geburtstag zum 150. Mal j\u00e4hrte &#8211; in seiner Geburtsstadt Prag. Neben Vortr\u00e4gen von Rilke-Forschern aus der ganzen Welt sind die Begegnungen zwischen Rilke-Freunden, K\u00fcnstlern und Wissenschaftlern ein Teil der Tagungen.<\/p>\n\n\n\n<p>Alle Interessierten sind herzlich zur Teilnahme eingeladen! Die Anmeldung<br>erfolgt jeweils im Fr\u00fchjahr \u00fcber diese Webseite und Sie k\u00f6nnen sich schon jetzt dar\u00fcber informieren, wo in den n\u00e4chsten zwei Jahren die Tagungen und Treffen stattfinden.  <\/p>\n\n\n\n<p><\/p>\n","protected":false},"excerpt":{"rendered":"<p>Seit ihrer Gr\u00fcndung 1971 veranstaltet die Rilke-Gesellschaft j\u00e4hrliche Tagungen f\u00fcrMitglieder und G\u00e4ste; seit 1999 finden die gr\u00f6\u00dferen Tagungen zweij\u00e4hrlich statt, im Zwischenjahr ein k\u00fcrzeres \u201aRilke-Treffen\u2018, in das auch Workshops integriert sind. Bei den Tagungen werden Orte aufgesucht, zu denen auch Rilke Beziehungen hatte bzw. die f\u00fcr sein Schaffen wichtig waren. 2025 waren wir &#8211; in &hellip; <a href=\"https:\/\/www.rilke.ch\/?page_id=1754\" class=\"more-link\"><span class=\"screen-reader-text\">Rilke-Tagungen<\/span> weiterlesen <span class=\"meta-nav\">&rarr;<\/span><\/a><\/p>\n","protected":false},"author":1,"featured_media":0,"parent":0,"menu_order":10,"comment_status":"closed","ping_status":"closed","template":"","meta":{"footnotes":""},"class_list":["post-1754","page","type-page","status-publish","hentry"],"_links":{"self":[{"href":"https:\/\/www.rilke.ch\/index.php?rest_route=\/wp\/v2\/pages\/1754","targetHints":{"allow":["GET"]}}],"collection":[{"href":"https:\/\/www.rilke.ch\/index.php?rest_route=\/wp\/v2\/pages"}],"about":[{"href":"https:\/\/www.rilke.ch\/index.php?rest_route=\/wp\/v2\/types\/page"}],"author":[{"embeddable":true,"href":"https:\/\/www.rilke.ch\/index.php?rest_route=\/wp\/v2\/users\/1"}],"replies":[{"embeddable":true,"href":"https:\/\/www.rilke.ch\/index.php?rest_route=%2Fwp%2Fv2%2Fcomments&post=1754"}],"version-history":[{"count":3,"href":"https:\/\/www.rilke.ch\/index.php?rest_route=\/wp\/v2\/pages\/1754\/revisions"}],"predecessor-version":[{"id":1982,"href":"https:\/\/www.rilke.ch\/index.php?rest_route=\/wp\/v2\/pages\/1754\/revisions\/1982"}],"wp:attachment":[{"href":"https:\/\/www.rilke.ch\/index.php?rest_route=%2Fwp%2Fv2%2Fmedia&parent=1754"}],"curies":[{"name":"wp","href":"https:\/\/api.w.org\/{rel}","templated":true}]}}