{"id":146,"date":"2013-06-30T22:14:59","date_gmt":"2013-06-30T20:14:59","guid":{"rendered":"http:\/\/www.rilke.ch\/?page_id=146"},"modified":"2026-02-19T20:44:04","modified_gmt":"2026-02-19T19:44:04","slug":"mitgliedschaft","status":"publish","type":"page","link":"https:\/\/www.rilke.ch\/?page_id=146","title":{"rendered":"Mitgliedschaft"},"content":{"rendered":"<p>Die Rilke-Gesellschaft freut sich auf Interessenten und neue Mitglieder. Neben den j\u00e4hrlichen Tagungen und regelm\u00e4\u00dfigen Rundbriefen bietet die Rilke-Gesellschaft ihren Mitgliedern jeweils bei Erscheinen ein kostenloses Exemplar der \u00abBl\u00e4tter\u00bb.<\/p>\n<p><em>Die Rilke-Gesellschaft ist als gemeinn\u00fctzige Organisation anerkannt. Entsprechend sind Mitgliedsbeitr\u00e4ge und Tagungsgeb\u00fchren in Deutschland in Abstimmung mit dem Finanzamt unter dem Titel &#8222;Spende&#8220; bzw. &#8222;Fortbildung&#8220; abzugsf\u00e4hig.<\/em><\/p>\n<p>Hier k\u00f6nnen Sie das <a href=\"http:\/\/www.rilke.ch\/wordpress\/wp-content\/uploads\/RG-Beitrittserklaerung_2026-1.docx\">Beitrittsformular<\/a> direkt herunterladen. Schicken Sie das ausgef\u00fcllte und unterschriebene Dokument bitte an das Sekretariat der Rilke-Gesellschaft:<\/p>\n<ul>\n<li>Prof. Dr. Renate Breuninger, Am Schinderwasen 18, 89134 Blaustein<\/li>\n<li>Sie k\u00f6nnen das ausgef\u00fcllte Formular auch gern gescannt per Mail an sekretariat@rilke.ch schicken!<\/li>\n<\/ul>\n<p>Die Mitgliedsweise sind per \u00dcberweisung zu entrichten. Dieser Tabelle k\u00f6nnen Sie die H\u00f6he der Beitr\u00e4ge nach Status und W\u00e4hrung entnehmen:<\/p>\n<table border=\"0\" width=\"500\" cellspacing=\"1\" cellpadding=\"4\">\n<tbody>\n<tr>\n<td valign=\"TOP\" width=\"27%\">\u00a0<\/td>\n<td valign=\"TOP\" width=\"17%\">CHF\/Euro<\/td>\n<td valign=\"TOP\" width=\"17%\">US-$<\/td>\n<\/tr>\n<tr>\n<td valign=\"TOP\" width=\"27%\">Einzelmitgliedschaft<\/td>\n<td valign=\"TOP\" width=\"17%\">70,-<\/td>\n<td valign=\"TOP\" width=\"17%\">80,-<\/td>\n<\/tr>\n<tr>\n<td valign=\"TOP\" width=\"27%\">Doppelmitgliedschaft (Ehepaar)<\/td>\n<td valign=\"TOP\" width=\"17%\">90,-<\/td>\n<td valign=\"TOP\" width=\"17%\">100,-<\/td>\n<\/tr>\n<tr>\n<td valign=\"TOP\" width=\"27%\">StudentInnen<\/td>\n<td valign=\"TOP\" width=\"17%\">35,-<\/td>\n<td valign=\"TOP\" width=\"17%\">40,-<\/td>\n<\/tr>\n<\/tbody>\n<\/table>\n<p>Diese Mitgliedsbeitr\u00e4ge sind bei der Mitgliederversammlung in Gdansk 2016 per Mehrheitsbeschluss festgelegt worden.<br \/><strong style=\"line-height: 1.714285714; font-size: 1rem;\"><br \/>Das Konto der Rilke-Gesellschaft:<\/strong><\/p>\n<table style=\"height: 128px;\" border=\"0\" width=\"606\" cellspacing=\"1\" cellpadding=\"4\">\n<tbody>\n<tr>\n<td valign=\"TOP\" width=\"27%\">Postbank Hamburg<br \/>IBAN: DE 20 6001 0070 0001 8547 09<br \/>BIC: PBNKDEFF<\/td>\n<\/tr>\n<\/tbody>\n<\/table>\n<p>&nbsp;<\/p>\n\n\n<p><\/p>\n","protected":false},"excerpt":{"rendered":"<p>Die Rilke-Gesellschaft freut sich auf Interessenten und neue Mitglieder. Neben den j\u00e4hrlichen Tagungen und regelm\u00e4\u00dfigen Rundbriefen bietet die Rilke-Gesellschaft ihren Mitgliedern jeweils bei Erscheinen ein kostenloses Exemplar der \u00abBl\u00e4tter\u00bb. Die Rilke-Gesellschaft ist als gemeinn\u00fctzige Organisation anerkannt. Entsprechend sind Mitgliedsbeitr\u00e4ge und Tagungsgeb\u00fchren in Deutschland in Abstimmung mit dem Finanzamt unter dem Titel &#8222;Spende&#8220; bzw. &#8222;Fortbildung&#8220; abzugsf\u00e4hig. &hellip; <a href=\"https:\/\/www.rilke.ch\/?page_id=146\" class=\"more-link\"><span class=\"screen-reader-text\">Mitgliedschaft<\/span> weiterlesen <span class=\"meta-nav\">&rarr;<\/span><\/a><\/p>\n","protected":false},"author":1,"featured_media":0,"parent":0,"menu_order":0,"comment_status":"closed","ping_status":"open","template":"","meta":{"footnotes":""},"class_list":["post-146","page","type-page","status-publish","hentry"],"_links":{"self":[{"href":"https:\/\/www.rilke.ch\/index.php?rest_route=\/wp\/v2\/pages\/146","targetHints":{"allow":["GET"]}}],"collection":[{"href":"https:\/\/www.rilke.ch\/index.php?rest_route=\/wp\/v2\/pages"}],"about":[{"href":"https:\/\/www.rilke.ch\/index.php?rest_route=\/wp\/v2\/types\/page"}],"author":[{"embeddable":true,"href":"https:\/\/www.rilke.ch\/index.php?rest_route=\/wp\/v2\/users\/1"}],"replies":[{"embeddable":true,"href":"https:\/\/www.rilke.ch\/index.php?rest_route=%2Fwp%2Fv2%2Fcomments&post=146"}],"version-history":[{"count":23,"href":"https:\/\/www.rilke.ch\/index.php?rest_route=\/wp\/v2\/pages\/146\/revisions"}],"predecessor-version":[{"id":2005,"href":"https:\/\/www.rilke.ch\/index.php?rest_route=\/wp\/v2\/pages\/146\/revisions\/2005"}],"wp:attachment":[{"href":"https:\/\/www.rilke.ch\/index.php?rest_route=%2Fwp%2Fv2%2Fmedia&parent=146"}],"curies":[{"name":"wp","href":"https:\/\/api.w.org\/{rel}","templated":true}]}}