{"id":11,"date":"2013-04-04T11:00:06","date_gmt":"2013-04-04T09:00:06","guid":{"rendered":"http:\/\/www.rilke.ch\/wordpress\/?page_id=11"},"modified":"2026-02-06T00:42:50","modified_gmt":"2026-02-05T23:42:50","slug":"ressourcen","status":"publish","type":"page","link":"https:\/\/www.rilke.ch\/?page_id=11","title":{"rendered":"Ressourcen"},"content":{"rendered":"<p>Die Rilke-Gesellschaft bietet ihren Mitgliedern und der Allgemeinheit verschiedene Ressourcen zur Information und Nachforschung \u00fcber den Dichter an. Sie k\u00f6nnen zum Gro\u00dfteil direkt im Internet konsultiert werden:<\/p>\n<ul>\n<li>eine kontinuierlich aktualisierte Datenbank von Rilkes Briefen.<\/li>\n<li>die <a title=\"&quot;Bl\u00e4tter der Rilke-Gesellschaft&quot;\" href=\"http:\/\/www.rilke.ch\/?page_id=43\">&#8222;Bl\u00e4tter der Rilke-Gesellschaft&#8220;<\/a> (online ist eine \u00dcbersicht der Inhalte s\u00e4mtlicher B\u00e4nde abzurufen).<\/li>\n<li>eine <a title=\"Bibliographie zur Rilke-Forschung\" href=\"http:\/\/www.rilke.ch\/?page_id=195\">Bibliographie zur Rilke-Forschung<\/a> aus den Jahren 1991 bis 1998.<\/li>\n<li>eine <a title=\"\u00dcbersicht von Vertonungen\" href=\"http:\/\/www.rilke.ch\/?p=123\">\u00dcbersicht von Vertonungen<\/a> zu Rilkes Werk (660 Werke).<\/li>\n<li>ein <a title=\"Internetforum\" href=\"http:\/\/www.rilke.de\/phpBB3\">Internetforum <\/a>zum Austausch \u00fcber Rainer Maria Rilke.<\/li>\n<li>ein <a href=\"https:\/\/kdrive.infomaniak.com\/app\/share\/1700683\/8deb3f4c-2abf-4db4-908a-b85b59a69d4a\/preview\/pdf\/12388\">Inhaltsverzeichnis<\/a> zu den bisher erschienen B\u00e4nden der Rilke-Werkausgabe.<\/li>\n<\/ul>\n","protected":false},"excerpt":{"rendered":"<p>Die Rilke-Gesellschaft bietet ihren Mitgliedern und der Allgemeinheit verschiedene Ressourcen zur Information und Nachforschung \u00fcber den Dichter an. Sie k\u00f6nnen zum Gro\u00dfteil direkt im Internet konsultiert werden: eine kontinuierlich aktualisierte Datenbank von Rilkes Briefen. die &#8222;Bl\u00e4tter der Rilke-Gesellschaft&#8220; (online ist eine \u00dcbersicht der Inhalte s\u00e4mtlicher B\u00e4nde abzurufen). eine Bibliographie zur Rilke-Forschung aus den Jahren 1991 &hellip; <a href=\"https:\/\/www.rilke.ch\/?page_id=11\" class=\"more-link\"><span class=\"screen-reader-text\">Ressourcen<\/span> weiterlesen <span class=\"meta-nav\">&rarr;<\/span><\/a><\/p>\n","protected":false},"author":1,"featured_media":0,"parent":0,"menu_order":0,"comment_status":"closed","ping_status":"closed","template":"","meta":{"footnotes":""},"class_list":["post-11","page","type-page","status-publish","hentry"],"_links":{"self":[{"href":"https:\/\/www.rilke.ch\/index.php?rest_route=\/wp\/v2\/pages\/11","targetHints":{"allow":["GET"]}}],"collection":[{"href":"https:\/\/www.rilke.ch\/index.php?rest_route=\/wp\/v2\/pages"}],"about":[{"href":"https:\/\/www.rilke.ch\/index.php?rest_route=\/wp\/v2\/types\/page"}],"author":[{"embeddable":true,"href":"https:\/\/www.rilke.ch\/index.php?rest_route=\/wp\/v2\/users\/1"}],"replies":[{"embeddable":true,"href":"https:\/\/www.rilke.ch\/index.php?rest_route=%2Fwp%2Fv2%2Fcomments&post=11"}],"version-history":[{"count":6,"href":"https:\/\/www.rilke.ch\/index.php?rest_route=\/wp\/v2\/pages\/11\/revisions"}],"predecessor-version":[{"id":1996,"href":"https:\/\/www.rilke.ch\/index.php?rest_route=\/wp\/v2\/pages\/11\/revisions\/1996"}],"wp:attachment":[{"href":"https:\/\/www.rilke.ch\/index.php?rest_route=%2Fwp%2Fv2%2Fmedia&parent=11"}],"curies":[{"name":"wp","href":"https:\/\/api.w.org\/{rel}","templated":true}]}}