{"id":1095,"date":"2018-05-24T10:36:54","date_gmt":"2018-05-24T09:36:54","guid":{"rendered":"http:\/\/www.rilke.ch\/?page_id=1095"},"modified":"2022-05-16T21:19:52","modified_gmt":"2022-05-16T20:19:52","slug":"datenschutzerklaerung","status":"publish","type":"page","link":"https:\/\/www.rilke.ch\/?page_id=1095","title":{"rendered":"Datenschutzerkl\u00e4rung"},"content":{"rendered":"<h2>Wer wir sind<\/h2>\n<p>Die Internationale Rilke-Gesellschaft ist ein als gemeinn\u00fctzig anerkannter Verein. Sie wurde 1971 in Saas Fee gegr\u00fcndet. Derzeit z\u00e4hlt die Gesellschaft rund 350 Mitglieder in 22 L\u00e4ndern. Die Adresse unserer Website ist: http:\/\/www.rilke.ch.&nbsp;Sitz der Rilke-Gesellschaft ist die Schweizer Nationalbibliothek, Bern.<\/p>\n<h2>Welche personenbezogenen Daten wir sammeln und warum wir sie sammeln<\/h2>\n<p>Normale Besuchern der Website, die nicht im Auftrag des Vorstands der Rilke-Gesellschaft Inhalte auf die Website einstellen, k\u00f6nnen sich nicht auf der Seite registrieren und anmelden. Sie k\u00f6nnen somit auch keine Medien hochladen. Daher sammeln wir f\u00fcr diese Besucher in der Regel auch keine Daten und speichern keine Cookies.<\/p>\n<p>Zu zwei bestimmten Zwecken ist es aber erforderlich, dass die Rilke-Gesellschaft Daten der Besucher \u00fcber die Website sammelt. Dabei handelt es sich:<\/p>\n<ul>\n<li>um die f\u00fcr die Anmeldung zu einer Rilke-Tagung n\u00f6tigen Daten. Diese werden \u00fcber ein von Google verwaltetes Formular erhoben und allein zum Zweck der Durchf\u00fchrung der Tagung gespeichert. Sie werden ein Jahr nach Angabe der Daten wieder gel\u00f6scht. \u00dcber die Best\u00e4tigungsmail des Kontaktformular haben Sie auch die M\u00f6glichkeit, durch Klick auf einen Link die zu Ihnen gespeicherten Daten jederzeit einzusehen und zu ver\u00e4ndern. Dar\u00fcber hinaus k\u00f6nnen Sie das L\u00f6schen von Daten beim Webmaster Thilo von Pape (thilo@rilke.de) einfordern.<\/li>\n<li>um die Daten f\u00fcr die Anmeldung zum Rilke-Forum. Das Forum ist au\u00dferhalb der rilke.ch-Seite angesiedelt unter der Adresse <a href=\"http:\/\/www.rilke.de\/forum\/\" target=\"_blank\" rel=\"noopener\">http:\/\/www.rilke.de\/Forum<\/a>. Die Datenschutzerkl\u00e4rung zum Rilke-Forum finden Sie dort bzw. \u00fcber diesen Link:&nbsp;<a href=\"http:\/\/www.rilke.de\/forum\/viewtopic.php?f=39&amp;t=5773#p17559\" target=\"_blank\" rel=\"noopener\">http:\/\/www.rilke.de\/forum\/viewtopic.php?f=39&amp;t=5773#p17559<\/a><\/li>\n<\/ul>\n<p>Dar\u00fcber hinaus kann es vorkommen, dass eingebettete Inhalte von anderen Websites (z.B. Videos oder Bilder) Daten sammeln oder Cookies nutzen. Siehe dazu die weiteren Ausf\u00fchrungen unten.<\/p>\n<h3>Medien<\/h3>\n<p>Wenn Sie im Rahmen einer redaktionellen T\u00e4tigkeit f\u00fcr die Rilke-Gesellschaft ein registrierter Benutzer sind und Fotos auf diese Website laden, sollten Sie vermeiden, Fotos mit einem EXIF-GPS-Standort hochzuladen. Besucher dieser Website k\u00f6nnten Fotos, die auf dieser Website gespeichert sind, herunterladen und deren Standort-Informationen extrahieren.<\/p>\n<h3>Cookies<\/h3>\n<p>Falls Sie im Rahmen einer redaktionellen T\u00e4tigkeit ein Konto haben und sich auf dieser Website anmelden, werden wir ein tempor\u00e4res Cookie setzen, um festzustellen, ob Ihr Browser Cookies akzeptiert. Dieses Cookie enth\u00e4lt keine personenbezogenen Daten und wird verworfen, wenn Sie Ihren Browser schlie\u00dfen.<\/p>\n<p>Wenn Sie sich als Redakteur auf der Website anmelden, werden wir einige Cookies einrichten, um Ihre Anmeldeinformationen und Anzeigeoptionen zu speichern. Anmelde-Cookies verfallen nach zwei Tagen und Cookies f\u00fcr die Anzeigeoptionen nach einem Jahr. Falls Sie bei der Anmeldung \u201eAngemeldet bleiben\u201c ausw\u00e4hlen, wird Ihre Anmeldung zwei Wochen lang aufrechterhalten. Mit der Abmeldung aus Ihrem Konto werden die Anmelde-Cookies gel\u00f6scht.<\/p>\n<p>Wenn Sie einen Artikel bearbeiten oder ver\u00f6ffentlichen, wird ein zus\u00e4tzlicher Cookie in Ihrem Browser gespeichert. Dieser Cookie enth\u00e4lt keine personenbezogenen Daten und verweist nur auf die Beitrags-ID des Artikels, den Sie gerade bearbeitet haben. Der Cookie verf\u00e4llt nach einem Tag.<\/p>\n<h3>Eingebettete Inhalte von anderen Websites<\/h3>\n<p>Beitr\u00e4ge auf dieser Website k\u00f6nnen eingebettete Inhalte beinhalten (z.&nbsp;B. Videos, Bilder, Beitr\u00e4ge etc.). Eingebettete Inhalte von anderen Websites verhalten sich exakt so, als ob der Besucher die andere Website besucht h\u00e4tte.<\/p>\n<p>Diese Websites k\u00f6nnen Daten \u00fcber Sie sammeln, Cookies benutzen, zus\u00e4tzliche Tracking-Dienste von Dritten einbetten und Ihre Interaktion mit diesem eingebetteten Inhalt aufzeichnen, inklusive Ihrer Interaktion mit dem eingebetteten Inhalt, falls Sie ein Konto haben und auf dieser Website angemeldet sind.<\/p>\n<h3>Analysedienste<\/h3>\n<h2>Mit wem wir Ihre Daten teilen<\/h2>\n<p>Die Rilke-Gesellschaft verwendet keinen Analysedienst mit dem sie Ihre Daten teilen w\u00fcrde.<\/p>\n<h2>Wie lange wir Ihre Daten speichern<\/h2>\n<p>F\u00fcr Benutzer, die sich im Rahmen ihrer redaktionellen Arbeit f\u00fcr die Rilke-Gesellschaft auf unserer Website registrieren, speichern wir zus\u00e4tzlich die pers\u00f6nlichen Informationen, die sie in ihren Benutzerprofilen angeben. Alle Benutzer k\u00f6nnen jederzeit ihre pers\u00f6nlichen Informationen einsehen, ver\u00e4ndern oder l\u00f6schen (der Benutzername kann nicht ver\u00e4ndert werden). Administratoren der Website k\u00f6nnen diese Informationen ebenfalls einsehen und ver\u00e4ndern.<\/p>\n<h2>Welche Rechte Sie an Ihren Daten haben<\/h2>\n<p>Wenn Sie ein Konto auf dieser Website besitzen, k\u00f6nnen Sie du einen Export Ihrer personenbezogenen Daten bei uns anfordern, inklusive aller Daten, die Sie uns mitgeteilt haben. Dar\u00fcber hinaus k\u00f6nnen Sie die L\u00f6schung aller personenbezogenen Daten, die wir von Ihnen gespeichert haben, anfordern. Dies umfasst nicht die Daten, die wir aufgrund administrativer, rechtlicher oder sicherheitsrelevanter Notwendigkeiten aufbewahren m\u00fcssen.<\/p>\n<h2>Ihre Kontakt-Informationen<\/h2>\n<p>F\u00fcr die Einsicht in die gespeicherten Daten und ihre L\u00f6schung k\u00f6nnen Sie sich an den Webmaster der Rilke-Gesellschaft Thilo von Pape wenden, per e-Mail an webmaster@rilke.ch.<\/p>\n","protected":false},"excerpt":{"rendered":"<p>Wer wir sind Die Internationale Rilke-Gesellschaft ist ein als gemeinn\u00fctzig anerkannter Verein. Sie wurde 1971 in Saas Fee gegr\u00fcndet. Derzeit z\u00e4hlt die Gesellschaft rund 350 Mitglieder in 22 L\u00e4ndern. Die Adresse unserer Website ist: http:\/\/www.rilke.ch.&nbsp;Sitz der Rilke-Gesellschaft ist die Schweizer Nationalbibliothek, Bern. Welche personenbezogenen Daten wir sammeln und warum wir sie sammeln Normale Besuchern der &hellip; <a href=\"https:\/\/www.rilke.ch\/?page_id=1095\" class=\"more-link\"><span class=\"screen-reader-text\">Datenschutzerkl\u00e4rung<\/span> weiterlesen <span class=\"meta-nav\">&rarr;<\/span><\/a><\/p>\n","protected":false},"author":1,"featured_media":0,"parent":0,"menu_order":0,"comment_status":"closed","ping_status":"closed","template":"","meta":{"footnotes":""},"class_list":["post-1095","page","type-page","status-publish","hentry"],"_links":{"self":[{"href":"https:\/\/www.rilke.ch\/index.php?rest_route=\/wp\/v2\/pages\/1095","targetHints":{"allow":["GET"]}}],"collection":[{"href":"https:\/\/www.rilke.ch\/index.php?rest_route=\/wp\/v2\/pages"}],"about":[{"href":"https:\/\/www.rilke.ch\/index.php?rest_route=\/wp\/v2\/types\/page"}],"author":[{"embeddable":true,"href":"https:\/\/www.rilke.ch\/index.php?rest_route=\/wp\/v2\/users\/1"}],"replies":[{"embeddable":true,"href":"https:\/\/www.rilke.ch\/index.php?rest_route=%2Fwp%2Fv2%2Fcomments&post=1095"}],"version-history":[{"count":9,"href":"https:\/\/www.rilke.ch\/index.php?rest_route=\/wp\/v2\/pages\/1095\/revisions"}],"predecessor-version":[{"id":1583,"href":"https:\/\/www.rilke.ch\/index.php?rest_route=\/wp\/v2\/pages\/1095\/revisions\/1583"}],"wp:attachment":[{"href":"https:\/\/www.rilke.ch\/index.php?rest_route=%2Fwp%2Fv2%2Fmedia&parent=1095"}],"curies":[{"name":"wp","href":"https:\/\/api.w.org\/{rel}","templated":true}]}}