{"id":161,"date":"2013-07-18T22:20:03","date_gmt":"2013-07-18T20:20:03","guid":{"rendered":"http:\/\/www.rilke.ch\/?page_id=161"},"modified":"2021-06-27T22:16:36","modified_gmt":"2021-06-27T21:16:36","slug":"zukunftige-tagungen","status":"publish","type":"page","link":"http:\/\/www.rilke.ch\/?page_id=161","title":{"rendered":"Tagungsorte und Unterkunft"},"content":{"rendered":"\n<p>Die Tagungsorte in Triest sind die Staatsbibliothek Triest (\u00a0Largo Papa Giovanni XXIII, 6, 34123 Trieste TS) sowie die Universit\u00e4t <\/p>\n\n\n\n<p><strong>Hotels in Triest (alle unverbindlichen Preise pro DZ)<br><\/strong>Hotel Barbacan (ab 70 \u20ac)<br><a href=\"https:\/\/www.hotelbarbacantrieste.com\/\n\">https:\/\/www.hotelbarbacantrieste.com\/<br><\/a><br><strong>Hotel Colombia<\/strong> *** (ab 90 \u20ac)<br><a href=\"https:\/\/hotelcolombiatrieste.com\/\n\">https:\/\/hotelcolombiatrieste.com\/<\/a><\/p>\n\n\n\n<p><strong>Hotel Urban<\/strong>* (ab 100 \u20ac) <br><a href=\"https:\/\/www.urbanhotel.it\/de\/\">https:\/\/www.urbanhotel.it\/de\/<\/a><strong><em> <\/em><\/strong><\/p>\n\n\n\n<p><strong><em>Hotel James Joyce<\/em><\/strong> (ab 100 \u20ac)<br><a href=\"http:\/\/www.hoteljamesjoyce.com\/\">http:\/\/www.hoteljamesjoyce.com\/<\/a><\/p>\n\n\n\n<p><strong>Grand Hotel Duchi d&#8217;Aosta<\/strong> (ab 200 \u20ac)<br><a href=\"http:\/\/www.duchi.eu\/\n\">http:\/\/www.duchi.eu\/<\/a><\/p>\n\n\n\n<p><strong>Hotel Savoia Excelsior Palace<\/strong> (ab 270 \u20ac)<br><a href=\"https:\/\/www.starhotelscollezione.com\/de\/our-hotels\/savoia-excelsior-palace-triest\/\">https:\/\/www.starhotelscollezione.com\/de\/our-hotels\/savoia-excelsior-palace-triest\/<\/a><\/p>\n\n\n\n<p><strong>Hostels und B&amp;Bs<\/strong><\/p>\n\n\n\n<p><strong>Ostello Tergeste<\/strong> (DZ ab 60 \u20ac; Einzelbetten ab 20 \u20ac)<br><a href=\"http:\/\/de.ostellotergeste.com\n\">http:\/\/de.ostellotergeste.com<\/a><\/p>\n\n\n\n<p>G\u00fcnstige Hostels lassen sich \u00fcber diese Seite finden:<br><a href=\"https:\/\/www.bed-and-breakfast.it\/de\">https:\/\/www.bed-and-breakfast.it\/de<\/a><\/p>\n\n\n\n<p>G\u00fcnstige \u00dcbernachtungsm\u00f6glichkeiten bieten auch die vielen B&amp;Bs, hier nur ein Beispiel:<br><a href=\"http:\/\/www.trerosetrieste.it\/\">http:\/\/www.trerosetrieste.it\/<\/a><\/p>\n","protected":false},"excerpt":{"rendered":"<p>Die Tagungsorte in Triest sind die Staatsbibliothek Triest (\u00a0Largo Papa Giovanni XXIII, 6, 34123 Trieste TS) sowie die Universit\u00e4t Hotels in Triest (alle unverbindlichen Preise pro DZ)Hotel Barbacan (ab 70 \u20ac)https:\/\/www.hotelbarbacantrieste.com\/Hotel Colombia *** (ab 90 \u20ac)https:\/\/hotelcolombiatrieste.com\/ Hotel Urban* (ab 100 \u20ac) https:\/\/www.urbanhotel.it\/de\/ Hotel James Joyce (ab 100 \u20ac)http:\/\/www.hoteljamesjoyce.com\/ Grand Hotel Duchi d&#8217;Aosta (ab 200 \u20ac)http:\/\/www.duchi.eu\/ &hellip; <a href=\"http:\/\/www.rilke.ch\/?page_id=161\" class=\"more-link\"><span class=\"screen-reader-text\">Tagungsorte und Unterkunft<\/span> weiterlesen <span class=\"meta-nav\">&rarr;<\/span><\/a><\/p>\n","protected":false},"author":1,"featured_media":0,"parent":0,"menu_order":0,"comment_status":"closed","ping_status":"open","template":"","meta":{"footnotes":""},"class_list":["post-161","page","type-page","status-publish","hentry"],"_links":{"self":[{"href":"http:\/\/www.rilke.ch\/index.php?rest_route=\/wp\/v2\/pages\/161","targetHints":{"allow":["GET"]}}],"collection":[{"href":"http:\/\/www.rilke.ch\/index.php?rest_route=\/wp\/v2\/pages"}],"about":[{"href":"http:\/\/www.rilke.ch\/index.php?rest_route=\/wp\/v2\/types\/page"}],"author":[{"embeddable":true,"href":"http:\/\/www.rilke.ch\/index.php?rest_route=\/wp\/v2\/users\/1"}],"replies":[{"embeddable":true,"href":"http:\/\/www.rilke.ch\/index.php?rest_route=%2Fwp%2Fv2%2Fcomments&post=161"}],"version-history":[{"count":23,"href":"http:\/\/www.rilke.ch\/index.php?rest_route=\/wp\/v2\/pages\/161\/revisions"}],"predecessor-version":[{"id":1476,"href":"http:\/\/www.rilke.ch\/index.php?rest_route=\/wp\/v2\/pages\/161\/revisions\/1476"}],"wp:attachment":[{"href":"http:\/\/www.rilke.ch\/index.php?rest_route=%2Fwp%2Fv2%2Fmedia&parent=161"}],"curies":[{"name":"wp","href":"https:\/\/api.w.org\/{rel}","templated":true}]}}